{"id":1323,"date":"2023-07-27T15:19:26","date_gmt":"2023-07-27T13:19:26","guid":{"rendered":"https:\/\/dev-shop.officinegullo.com\/prodotto\/set-coltelli-professionali-con-manico-in-ottone-e-ebano\/"},"modified":"2024-08-20T12:55:05","modified_gmt":"2024-08-20T10:55:05","slug":"set-de-cuchillos-profesionales-con-mangos-de-laton-y-ebano","status":"publish","type":"product","link":"https:\/\/shop-us.officinegullo.com\/es\/producto\/set-de-cuchillos-profesionales-con-mangos-de-laton-y-ebano\/","title":{"rendered":"Set de cuchillos profesionales con mangos de lat\u00f3n y \u00e9bano"},"content":{"rendered":"","protected":false},"excerpt":{"rendered":"","protected":false},"featured_media":837,"template":"","meta":{"_acf_changed":false},"product_brand":[],"product_cat":[40],"product_tag":[],"class_list":{"0":"post-1323","1":"product","2":"type-product","3":"status-publish","4":"has-post-thumbnail","6":"product_cat-kitchenware","8":"first","9":"instock","10":"taxable","11":"shipping-taxable","12":"purchasable","13":"product-type-simple"},"acf":[],"yoast_head":"<!-- This site is optimized with the Yoast SEO plugin v27.4 - https:\/\/yoast.com\/product\/yoast-seo-wordpress\/ -->\n<title>Set de cuchillos profesionales con mangos de lat\u00f3n y \u00e9bano - Shop Officine Gullo US<\/title>\n<meta name=\"description\" content=\"Realizado a la perfecci\u00f3n, cada cuchillo combina elegancia y funcionalidad para ofrecer una experiencia culinaria sin igual.\" \/>\n<meta name=\"robots\" content=\"index, follow, max-snippet:-1, max-image-preview:large, max-video-preview:-1\" \/>\n<link rel=\"canonical\" href=\"https:\/\/shop-us.officinegullo.com\/es\/producto\/set-de-cuchillos-profesionales-con-mangos-de-laton-y-ebano\/\" \/>\n<meta property=\"og:locale\" content=\"es_ES\" \/>\n<meta property=\"og:type\" content=\"article\" \/>\n<meta property=\"og:title\" content=\"Set de cuchillos profesionales con mangos de lat\u00f3n y \u00e9bano - Shop Officine Gullo US\" \/>\n<meta property=\"og:description\" content=\"Realizado a la perfecci\u00f3n, cada cuchillo combina elegancia y funcionalidad para ofrecer una experiencia culinaria sin igual.\" \/>\n<meta property=\"og:url\" content=\"https:\/\/shop-us.officinegullo.com\/es\/producto\/set-de-cuchillos-profesionales-con-mangos-de-laton-y-ebano\/\" \/>\n<meta property=\"og:site_name\" content=\"Shop Officine Gullo US\" \/>\n<meta property=\"article:modified_time\" content=\"2024-08-20T10:55:05+00:00\" \/>\n<meta property=\"og:image\" content=\"https:\/\/s3.eu-central-1.amazonaws.com\/shop.officinegullo.com\/wp-content\/uploads\/2023\/07\/Ecom-67-quadrato.jpg\" \/>\n\t<meta property=\"og:image:width\" content=\"1500\" \/>\n\t<meta property=\"og:image:height\" content=\"1500\" \/>\n\t<meta property=\"og:image:type\" content=\"image\/jpeg\" \/>\n<meta name=\"twitter:card\" content=\"summary_large_image\" \/>\n<meta name=\"twitter:label1\" content=\"Tiempo de lectura\" \/>\n\t<meta name=\"twitter:data1\" content=\"1 minuto\" \/>\n<script type=\"application\/ld+json\" class=\"yoast-schema-graph\">{\"@context\":\"https:\\\/\\\/schema.org\",\"@graph\":[{\"@type\":\"WebPage\",\"@id\":\"https:\\\/\\\/shop-us.officinegullo.com\\\/es\\\/producto\\\/set-de-cuchillos-profesionales-con-mangos-de-laton-y-ebano\\\/\",\"url\":\"https:\\\/\\\/shop-us.officinegullo.com\\\/es\\\/producto\\\/set-de-cuchillos-profesionales-con-mangos-de-laton-y-ebano\\\/\",\"name\":\"Set de cuchillos profesionales con mangos de lat\u00f3n y \u00e9bano - Shop Officine Gullo US\",\"isPartOf\":{\"@id\":\"https:\\\/\\\/shop-us.officinegullo.com\\\/es\\\/#website\"},\"primaryImageOfPage\":{\"@id\":\"https:\\\/\\\/shop-us.officinegullo.com\\\/es\\\/producto\\\/set-de-cuchillos-profesionales-con-mangos-de-laton-y-ebano\\\/#primaryimage\"},\"image\":{\"@id\":\"https:\\\/\\\/shop-us.officinegullo.com\\\/es\\\/producto\\\/set-de-cuchillos-profesionales-con-mangos-de-laton-y-ebano\\\/#primaryimage\"},\"thumbnailUrl\":\"https:\\\/\\\/s3.eu-central-1.amazonaws.com\\\/shop.officinegullo.com\\\/wp-content\\\/uploads\\\/2023\\\/07\\\/Ecom-67-quadrato.jpg\",\"datePublished\":\"2023-07-27T13:19:26+00:00\",\"dateModified\":\"2024-08-20T10:55:05+00:00\",\"description\":\"Realizado a la perfecci\u00f3n, cada cuchillo combina elegancia y funcionalidad para ofrecer una experiencia culinaria sin igual.\",\"breadcrumb\":{\"@id\":\"https:\\\/\\\/shop-us.officinegullo.com\\\/es\\\/producto\\\/set-de-cuchillos-profesionales-con-mangos-de-laton-y-ebano\\\/#breadcrumb\"},\"inLanguage\":\"es\",\"potentialAction\":[{\"@type\":\"ReadAction\",\"target\":[\"https:\\\/\\\/shop-us.officinegullo.com\\\/es\\\/producto\\\/set-de-cuchillos-profesionales-con-mangos-de-laton-y-ebano\\\/\"]}]},{\"@type\":\"ImageObject\",\"inLanguage\":\"es\",\"@id\":\"https:\\\/\\\/shop-us.officinegullo.com\\\/es\\\/producto\\\/set-de-cuchillos-profesionales-con-mangos-de-laton-y-ebano\\\/#primaryimage\",\"url\":\"https:\\\/\\\/s3.eu-central-1.amazonaws.com\\\/shop.officinegullo.com\\\/wp-content\\\/uploads\\\/2023\\\/07\\\/Ecom-67-quadrato.jpg\",\"contentUrl\":\"https:\\\/\\\/s3.eu-central-1.amazonaws.com\\\/shop.officinegullo.com\\\/wp-content\\\/uploads\\\/2023\\\/07\\\/Ecom-67-quadrato.jpg\",\"width\":1500,\"height\":1500},{\"@type\":\"BreadcrumbList\",\"@id\":\"https:\\\/\\\/shop-us.officinegullo.com\\\/es\\\/producto\\\/set-de-cuchillos-profesionales-con-mangos-de-laton-y-ebano\\\/#breadcrumb\",\"itemListElement\":[{\"@type\":\"ListItem\",\"position\":1,\"name\":\"Home\",\"item\":\"https:\\\/\\\/shop-us.officinegullo.com\\\/es\\\/\"},{\"@type\":\"ListItem\",\"position\":2,\"name\":\"Shop\",\"item\":\"https:\\\/\\\/shop-us.officinegullo.com\\\/es\\\/\"},{\"@type\":\"ListItem\",\"position\":3,\"name\":\"Kitchenware\",\"item\":\"https:\\\/\\\/shop-us.officinegullo.com\\\/es\\\/productos\\\/kitchenware\\\/\"},{\"@type\":\"ListItem\",\"position\":4,\"name\":\"Set de cuchillos profesionales con mangos de lat\u00f3n y \u00e9bano\"}]},{\"@type\":\"WebSite\",\"@id\":\"https:\\\/\\\/shop-us.officinegullo.com\\\/es\\\/#website\",\"url\":\"https:\\\/\\\/shop-us.officinegullo.com\\\/es\\\/\",\"name\":\"Shop Officine Gullo US\",\"description\":\"Un nuovo sito targato WordPress\",\"potentialAction\":[{\"@type\":\"SearchAction\",\"target\":{\"@type\":\"EntryPoint\",\"urlTemplate\":\"https:\\\/\\\/shop-us.officinegullo.com\\\/es\\\/?s={search_term_string}\"},\"query-input\":{\"@type\":\"PropertyValueSpecification\",\"valueRequired\":true,\"valueName\":\"search_term_string\"}}],\"inLanguage\":\"es\"}]}<\/script>\n<!-- \/ Yoast SEO plugin. -->","yoast_head_json":{"title":"Set de cuchillos profesionales con mangos de lat\u00f3n y \u00e9bano - Shop Officine Gullo US","description":"Realizado a la perfecci\u00f3n, cada cuchillo combina elegancia y funcionalidad para ofrecer una experiencia culinaria sin igual.","robots":{"index":"index","follow":"follow","max-snippet":"max-snippet:-1","max-image-preview":"max-image-preview:large","max-video-preview":"max-video-preview:-1"},"canonical":"https:\/\/shop-us.officinegullo.com\/es\/producto\/set-de-cuchillos-profesionales-con-mangos-de-laton-y-ebano\/","og_locale":"es_ES","og_type":"article","og_title":"Set de cuchillos profesionales con mangos de lat\u00f3n y \u00e9bano - Shop Officine Gullo US","og_description":"Realizado a la perfecci\u00f3n, cada cuchillo combina elegancia y funcionalidad para ofrecer una experiencia culinaria sin igual.","og_url":"https:\/\/shop-us.officinegullo.com\/es\/producto\/set-de-cuchillos-profesionales-con-mangos-de-laton-y-ebano\/","og_site_name":"Shop Officine Gullo US","article_modified_time":"2024-08-20T10:55:05+00:00","og_image":[{"width":1500,"height":1500,"url":"https:\/\/s3.eu-central-1.amazonaws.com\/shop.officinegullo.com\/wp-content\/uploads\/2023\/07\/Ecom-67-quadrato.jpg","type":"image\/jpeg"}],"twitter_card":"summary_large_image","twitter_misc":{"Tiempo de lectura":"1 minuto"},"schema":{"@context":"https:\/\/schema.org","@graph":[{"@type":"WebPage","@id":"https:\/\/shop-us.officinegullo.com\/es\/producto\/set-de-cuchillos-profesionales-con-mangos-de-laton-y-ebano\/","url":"https:\/\/shop-us.officinegullo.com\/es\/producto\/set-de-cuchillos-profesionales-con-mangos-de-laton-y-ebano\/","name":"Set de cuchillos profesionales con mangos de lat\u00f3n y \u00e9bano - Shop Officine Gullo US","isPartOf":{"@id":"https:\/\/shop-us.officinegullo.com\/es\/#website"},"primaryImageOfPage":{"@id":"https:\/\/shop-us.officinegullo.com\/es\/producto\/set-de-cuchillos-profesionales-con-mangos-de-laton-y-ebano\/#primaryimage"},"image":{"@id":"https:\/\/shop-us.officinegullo.com\/es\/producto\/set-de-cuchillos-profesionales-con-mangos-de-laton-y-ebano\/#primaryimage"},"thumbnailUrl":"https:\/\/s3.eu-central-1.amazonaws.com\/shop.officinegullo.com\/wp-content\/uploads\/2023\/07\/Ecom-67-quadrato.jpg","datePublished":"2023-07-27T13:19:26+00:00","dateModified":"2024-08-20T10:55:05+00:00","description":"Realizado a la perfecci\u00f3n, cada cuchillo combina elegancia y funcionalidad para ofrecer una experiencia culinaria sin igual.","breadcrumb":{"@id":"https:\/\/shop-us.officinegullo.com\/es\/producto\/set-de-cuchillos-profesionales-con-mangos-de-laton-y-ebano\/#breadcrumb"},"inLanguage":"es","potentialAction":[{"@type":"ReadAction","target":["https:\/\/shop-us.officinegullo.com\/es\/producto\/set-de-cuchillos-profesionales-con-mangos-de-laton-y-ebano\/"]}]},{"@type":"ImageObject","inLanguage":"es","@id":"https:\/\/shop-us.officinegullo.com\/es\/producto\/set-de-cuchillos-profesionales-con-mangos-de-laton-y-ebano\/#primaryimage","url":"https:\/\/s3.eu-central-1.amazonaws.com\/shop.officinegullo.com\/wp-content\/uploads\/2023\/07\/Ecom-67-quadrato.jpg","contentUrl":"https:\/\/s3.eu-central-1.amazonaws.com\/shop.officinegullo.com\/wp-content\/uploads\/2023\/07\/Ecom-67-quadrato.jpg","width":1500,"height":1500},{"@type":"BreadcrumbList","@id":"https:\/\/shop-us.officinegullo.com\/es\/producto\/set-de-cuchillos-profesionales-con-mangos-de-laton-y-ebano\/#breadcrumb","itemListElement":[{"@type":"ListItem","position":1,"name":"Home","item":"https:\/\/shop-us.officinegullo.com\/es\/"},{"@type":"ListItem","position":2,"name":"Shop","item":"https:\/\/shop-us.officinegullo.com\/es\/"},{"@type":"ListItem","position":3,"name":"Kitchenware","item":"https:\/\/shop-us.officinegullo.com\/es\/productos\/kitchenware\/"},{"@type":"ListItem","position":4,"name":"Set de cuchillos profesionales con mangos de lat\u00f3n y \u00e9bano"}]},{"@type":"WebSite","@id":"https:\/\/shop-us.officinegullo.com\/es\/#website","url":"https:\/\/shop-us.officinegullo.com\/es\/","name":"Shop Officine Gullo US","description":"Un nuovo sito targato WordPress","potentialAction":[{"@type":"SearchAction","target":{"@type":"EntryPoint","urlTemplate":"https:\/\/shop-us.officinegullo.com\/es\/?s={search_term_string}"},"query-input":{"@type":"PropertyValueSpecification","valueRequired":true,"valueName":"search_term_string"}}],"inLanguage":"es"}]}},"_links":{"self":[{"href":"https:\/\/shop-us.officinegullo.com\/es\/wp-json\/wp\/v2\/product\/1323","targetHints":{"allow":["GET"]}}],"collection":[{"href":"https:\/\/shop-us.officinegullo.com\/es\/wp-json\/wp\/v2\/product"}],"about":[{"href":"https:\/\/shop-us.officinegullo.com\/es\/wp-json\/wp\/v2\/types\/product"}],"wp:featuredmedia":[{"embeddable":true,"href":"https:\/\/shop-us.officinegullo.com\/es\/wp-json\/wp\/v2\/media\/837"}],"wp:attachment":[{"href":"https:\/\/shop-us.officinegullo.com\/es\/wp-json\/wp\/v2\/media?parent=1323"}],"wp:term":[{"taxonomy":"product_brand","embeddable":true,"href":"https:\/\/shop-us.officinegullo.com\/es\/wp-json\/wp\/v2\/product_brand?post=1323"},{"taxonomy":"product_cat","embeddable":true,"href":"https:\/\/shop-us.officinegullo.com\/es\/wp-json\/wp\/v2\/product_cat?post=1323"},{"taxonomy":"product_tag","embeddable":true,"href":"https:\/\/shop-us.officinegullo.com\/es\/wp-json\/wp\/v2\/product_tag?post=1323"}],"curies":[{"name":"wp","href":"https:\/\/api.w.org\/{rel}","templated":true}]}}