{"id":1283,"date":"2024-07-19T11:07:18","date_gmt":"2024-07-19T09:07:18","guid":{"rendered":"https:\/\/dev-shop.officinegullo.com\/prodotto\/set-di-pentole-in-acciaio-inox-martellato\/"},"modified":"2024-08-20T11:25:35","modified_gmt":"2024-08-20T09:25:35","slug":"ensemble-de-batterie-de-cuisine-en-acier-inoxydable-martele","status":"publish","type":"product","link":"https:\/\/shop-us.officinegullo.com\/fr\/produit\/ensemble-de-batterie-de-cuisine-en-acier-inoxydable-martele\/","title":{"rendered":"Ensemble de batterie de cuisine en acier inoxydable martel\u00e9"},"content":{"rendered":"","protected":false},"excerpt":{"rendered":"<h2><span data-sheets-root=\"1\">Performance de cuisson exceptionnelle, \u00e9l\u00e9gance sur la table et praticit\u00e9 au quotidien<br \/>\n<\/span><\/h2>\n<p>Notre ensemble de batterie de cuisine en acier inoxydable martel\u00e9 est con\u00e7u pour offrir des r\u00e9sultats de cuisson sup\u00e9rieurs, une pr\u00e9sentation exceptionnelle et une praticit\u00e9 surprenante. Ces ustensiles de cuisine extraordinaires sont le r\u00e9sultat de la combinaison de la technologie avanc\u00e9e et du savoir-faire artisanal mill\u00e9naire, soigneusement pr\u00e9serv\u00e9 par nos ma\u00eetres artisans.<\/p>\n<div id=\"gtx-trans\" style=\"position: absolute;left: 229px;top: 88.1771px\">\n<div class=\"gtx-trans-icon\"><\/div>\n<\/div>\n","protected":false},"featured_media":1039,"template":"","meta":{"_acf_changed":false},"product_brand":[],"product_cat":[38],"product_tag":[],"class_list":{"0":"post-1283","1":"product","2":"type-product","3":"status-publish","4":"has-post-thumbnail","6":"product_cat-kitchenware","8":"first","9":"instock","10":"taxable","11":"shipping-taxable","12":"purchasable","13":"product-type-variable"},"acf":[],"yoast_head":"<!-- This site is optimized with the Yoast SEO plugin v27.4 - https:\/\/yoast.com\/product\/yoast-seo-wordpress\/ -->\n<title>Ensemble de batterie de cuisine en acier inoxydable martel\u00e9 - Shop Officine Gullo US<\/title>\n<meta name=\"description\" content=\"Notre ensemble de batterie de cuisine en acier inoxydable martel\u00e9 est con\u00e7u pour offrir des r\u00e9sultats de cuisson sup\u00e9rieurs, une pr\u00e9sentation exceptionnelle et une praticit\u00e9 surprenante.\" \/>\n<meta name=\"robots\" content=\"index, follow, max-snippet:-1, max-image-preview:large, max-video-preview:-1\" \/>\n<link rel=\"canonical\" href=\"https:\/\/shop-us.officinegullo.com\/fr\/produit\/ensemble-de-batterie-de-cuisine-en-acier-inoxydable-martele\/\" \/>\n<meta property=\"og:locale\" content=\"fr_FR\" \/>\n<meta property=\"og:type\" content=\"article\" \/>\n<meta property=\"og:title\" content=\"Ensemble de batterie de cuisine en acier inoxydable martel\u00e9 - Shop Officine Gullo US\" \/>\n<meta property=\"og:description\" content=\"Notre ensemble de batterie de cuisine en acier inoxydable martel\u00e9 est con\u00e7u pour offrir des r\u00e9sultats de cuisson sup\u00e9rieurs, une pr\u00e9sentation exceptionnelle et une praticit\u00e9 surprenante.\" \/>\n<meta property=\"og:url\" content=\"https:\/\/shop-us.officinegullo.com\/fr\/produit\/ensemble-de-batterie-de-cuisine-en-acier-inoxydable-martele\/\" \/>\n<meta property=\"og:site_name\" content=\"Shop Officine Gullo US\" \/>\n<meta property=\"article:modified_time\" content=\"2024-08-20T09:25:35+00:00\" \/>\n<meta property=\"og:image\" content=\"https:\/\/s3.eu-central-1.amazonaws.com\/shop.officinegullo.com\/wp-content\/uploads\/2024\/07\/Ecom-92-quadrato.jpg\" \/>\n\t<meta property=\"og:image:width\" content=\"1500\" \/>\n\t<meta property=\"og:image:height\" content=\"1500\" \/>\n\t<meta property=\"og:image:type\" content=\"image\/jpeg\" \/>\n<meta name=\"twitter:card\" content=\"summary_large_image\" \/>\n<meta name=\"twitter:label1\" content=\"Dur\u00e9e de lecture estim\u00e9e\" \/>\n\t<meta name=\"twitter:data1\" content=\"1 minute\" \/>\n<script type=\"application\/ld+json\" class=\"yoast-schema-graph\">{\"@context\":\"https:\\\/\\\/schema.org\",\"@graph\":[{\"@type\":\"WebPage\",\"@id\":\"https:\\\/\\\/shop-us.officinegullo.com\\\/fr\\\/produit\\\/ensemble-de-batterie-de-cuisine-en-acier-inoxydable-martele\\\/\",\"url\":\"https:\\\/\\\/shop-us.officinegullo.com\\\/fr\\\/produit\\\/ensemble-de-batterie-de-cuisine-en-acier-inoxydable-martele\\\/\",\"name\":\"Ensemble de batterie de cuisine en acier inoxydable martel\u00e9 - Shop Officine Gullo US\",\"isPartOf\":{\"@id\":\"https:\\\/\\\/shop-us.officinegullo.com\\\/fr\\\/#website\"},\"primaryImageOfPage\":{\"@id\":\"https:\\\/\\\/shop-us.officinegullo.com\\\/fr\\\/produit\\\/ensemble-de-batterie-de-cuisine-en-acier-inoxydable-martele\\\/#primaryimage\"},\"image\":{\"@id\":\"https:\\\/\\\/shop-us.officinegullo.com\\\/fr\\\/produit\\\/ensemble-de-batterie-de-cuisine-en-acier-inoxydable-martele\\\/#primaryimage\"},\"thumbnailUrl\":\"https:\\\/\\\/s3.eu-central-1.amazonaws.com\\\/shop.officinegullo.com\\\/wp-content\\\/uploads\\\/2024\\\/07\\\/Ecom-92-quadrato.jpg\",\"datePublished\":\"2024-07-19T09:07:18+00:00\",\"dateModified\":\"2024-08-20T09:25:35+00:00\",\"description\":\"Notre ensemble de batterie de cuisine en acier inoxydable martel\u00e9 est con\u00e7u pour offrir des r\u00e9sultats de cuisson sup\u00e9rieurs, une pr\u00e9sentation exceptionnelle et une praticit\u00e9 surprenante.\",\"breadcrumb\":{\"@id\":\"https:\\\/\\\/shop-us.officinegullo.com\\\/fr\\\/produit\\\/ensemble-de-batterie-de-cuisine-en-acier-inoxydable-martele\\\/#breadcrumb\"},\"inLanguage\":\"fr-FR\",\"potentialAction\":[{\"@type\":\"ReadAction\",\"target\":[\"https:\\\/\\\/shop-us.officinegullo.com\\\/fr\\\/produit\\\/ensemble-de-batterie-de-cuisine-en-acier-inoxydable-martele\\\/\"]}]},{\"@type\":\"ImageObject\",\"inLanguage\":\"fr-FR\",\"@id\":\"https:\\\/\\\/shop-us.officinegullo.com\\\/fr\\\/produit\\\/ensemble-de-batterie-de-cuisine-en-acier-inoxydable-martele\\\/#primaryimage\",\"url\":\"https:\\\/\\\/s3.eu-central-1.amazonaws.com\\\/shop.officinegullo.com\\\/wp-content\\\/uploads\\\/2024\\\/07\\\/Ecom-92-quadrato.jpg\",\"contentUrl\":\"https:\\\/\\\/s3.eu-central-1.amazonaws.com\\\/shop.officinegullo.com\\\/wp-content\\\/uploads\\\/2024\\\/07\\\/Ecom-92-quadrato.jpg\",\"width\":1500,\"height\":1500},{\"@type\":\"BreadcrumbList\",\"@id\":\"https:\\\/\\\/shop-us.officinegullo.com\\\/fr\\\/produit\\\/ensemble-de-batterie-de-cuisine-en-acier-inoxydable-martele\\\/#breadcrumb\",\"itemListElement\":[{\"@type\":\"ListItem\",\"position\":1,\"name\":\"Home\",\"item\":\"https:\\\/\\\/shop-us.officinegullo.com\\\/fr\\\/\"},{\"@type\":\"ListItem\",\"position\":2,\"name\":\"Shop\",\"item\":\"https:\\\/\\\/shop-us.officinegullo.com\\\/fr\\\/\"},{\"@type\":\"ListItem\",\"position\":3,\"name\":\"Kitchenware\",\"item\":\"https:\\\/\\\/shop-us.officinegullo.com\\\/fr\\\/produits\\\/kitchenware\\\/\"},{\"@type\":\"ListItem\",\"position\":4,\"name\":\"Ensemble de batterie de cuisine en acier inoxydable martel\u00e9\"}]},{\"@type\":\"WebSite\",\"@id\":\"https:\\\/\\\/shop-us.officinegullo.com\\\/fr\\\/#website\",\"url\":\"https:\\\/\\\/shop-us.officinegullo.com\\\/fr\\\/\",\"name\":\"Shop Officine Gullo US\",\"description\":\"Un nuovo sito targato WordPress\",\"potentialAction\":[{\"@type\":\"SearchAction\",\"target\":{\"@type\":\"EntryPoint\",\"urlTemplate\":\"https:\\\/\\\/shop-us.officinegullo.com\\\/fr\\\/?s={search_term_string}\"},\"query-input\":{\"@type\":\"PropertyValueSpecification\",\"valueRequired\":true,\"valueName\":\"search_term_string\"}}],\"inLanguage\":\"fr-FR\"}]}<\/script>\n<!-- \/ Yoast SEO plugin. -->","yoast_head_json":{"title":"Ensemble de batterie de cuisine en acier inoxydable martel\u00e9 - Shop Officine Gullo US","description":"Notre ensemble de batterie de cuisine en acier inoxydable martel\u00e9 est con\u00e7u pour offrir des r\u00e9sultats de cuisson sup\u00e9rieurs, une pr\u00e9sentation exceptionnelle et une praticit\u00e9 surprenante.","robots":{"index":"index","follow":"follow","max-snippet":"max-snippet:-1","max-image-preview":"max-image-preview:large","max-video-preview":"max-video-preview:-1"},"canonical":"https:\/\/shop-us.officinegullo.com\/fr\/produit\/ensemble-de-batterie-de-cuisine-en-acier-inoxydable-martele\/","og_locale":"fr_FR","og_type":"article","og_title":"Ensemble de batterie de cuisine en acier inoxydable martel\u00e9 - Shop Officine Gullo US","og_description":"Notre ensemble de batterie de cuisine en acier inoxydable martel\u00e9 est con\u00e7u pour offrir des r\u00e9sultats de cuisson sup\u00e9rieurs, une pr\u00e9sentation exceptionnelle et une praticit\u00e9 surprenante.","og_url":"https:\/\/shop-us.officinegullo.com\/fr\/produit\/ensemble-de-batterie-de-cuisine-en-acier-inoxydable-martele\/","og_site_name":"Shop Officine Gullo US","article_modified_time":"2024-08-20T09:25:35+00:00","og_image":[{"width":1500,"height":1500,"url":"https:\/\/s3.eu-central-1.amazonaws.com\/shop.officinegullo.com\/wp-content\/uploads\/2024\/07\/Ecom-92-quadrato.jpg","type":"image\/jpeg"}],"twitter_card":"summary_large_image","twitter_misc":{"Dur\u00e9e de lecture estim\u00e9e":"1 minute"},"schema":{"@context":"https:\/\/schema.org","@graph":[{"@type":"WebPage","@id":"https:\/\/shop-us.officinegullo.com\/fr\/produit\/ensemble-de-batterie-de-cuisine-en-acier-inoxydable-martele\/","url":"https:\/\/shop-us.officinegullo.com\/fr\/produit\/ensemble-de-batterie-de-cuisine-en-acier-inoxydable-martele\/","name":"Ensemble de batterie de cuisine en acier inoxydable martel\u00e9 - Shop Officine Gullo US","isPartOf":{"@id":"https:\/\/shop-us.officinegullo.com\/fr\/#website"},"primaryImageOfPage":{"@id":"https:\/\/shop-us.officinegullo.com\/fr\/produit\/ensemble-de-batterie-de-cuisine-en-acier-inoxydable-martele\/#primaryimage"},"image":{"@id":"https:\/\/shop-us.officinegullo.com\/fr\/produit\/ensemble-de-batterie-de-cuisine-en-acier-inoxydable-martele\/#primaryimage"},"thumbnailUrl":"https:\/\/s3.eu-central-1.amazonaws.com\/shop.officinegullo.com\/wp-content\/uploads\/2024\/07\/Ecom-92-quadrato.jpg","datePublished":"2024-07-19T09:07:18+00:00","dateModified":"2024-08-20T09:25:35+00:00","description":"Notre ensemble de batterie de cuisine en acier inoxydable martel\u00e9 est con\u00e7u pour offrir des r\u00e9sultats de cuisson sup\u00e9rieurs, une pr\u00e9sentation exceptionnelle et une praticit\u00e9 surprenante.","breadcrumb":{"@id":"https:\/\/shop-us.officinegullo.com\/fr\/produit\/ensemble-de-batterie-de-cuisine-en-acier-inoxydable-martele\/#breadcrumb"},"inLanguage":"fr-FR","potentialAction":[{"@type":"ReadAction","target":["https:\/\/shop-us.officinegullo.com\/fr\/produit\/ensemble-de-batterie-de-cuisine-en-acier-inoxydable-martele\/"]}]},{"@type":"ImageObject","inLanguage":"fr-FR","@id":"https:\/\/shop-us.officinegullo.com\/fr\/produit\/ensemble-de-batterie-de-cuisine-en-acier-inoxydable-martele\/#primaryimage","url":"https:\/\/s3.eu-central-1.amazonaws.com\/shop.officinegullo.com\/wp-content\/uploads\/2024\/07\/Ecom-92-quadrato.jpg","contentUrl":"https:\/\/s3.eu-central-1.amazonaws.com\/shop.officinegullo.com\/wp-content\/uploads\/2024\/07\/Ecom-92-quadrato.jpg","width":1500,"height":1500},{"@type":"BreadcrumbList","@id":"https:\/\/shop-us.officinegullo.com\/fr\/produit\/ensemble-de-batterie-de-cuisine-en-acier-inoxydable-martele\/#breadcrumb","itemListElement":[{"@type":"ListItem","position":1,"name":"Home","item":"https:\/\/shop-us.officinegullo.com\/fr\/"},{"@type":"ListItem","position":2,"name":"Shop","item":"https:\/\/shop-us.officinegullo.com\/fr\/"},{"@type":"ListItem","position":3,"name":"Kitchenware","item":"https:\/\/shop-us.officinegullo.com\/fr\/produits\/kitchenware\/"},{"@type":"ListItem","position":4,"name":"Ensemble de batterie de cuisine en acier inoxydable martel\u00e9"}]},{"@type":"WebSite","@id":"https:\/\/shop-us.officinegullo.com\/fr\/#website","url":"https:\/\/shop-us.officinegullo.com\/fr\/","name":"Shop Officine Gullo US","description":"Un nuovo sito targato WordPress","potentialAction":[{"@type":"SearchAction","target":{"@type":"EntryPoint","urlTemplate":"https:\/\/shop-us.officinegullo.com\/fr\/?s={search_term_string}"},"query-input":{"@type":"PropertyValueSpecification","valueRequired":true,"valueName":"search_term_string"}}],"inLanguage":"fr-FR"}]}},"_links":{"self":[{"href":"https:\/\/shop-us.officinegullo.com\/fr\/wp-json\/wp\/v2\/product\/1283","targetHints":{"allow":["GET"]}}],"collection":[{"href":"https:\/\/shop-us.officinegullo.com\/fr\/wp-json\/wp\/v2\/product"}],"about":[{"href":"https:\/\/shop-us.officinegullo.com\/fr\/wp-json\/wp\/v2\/types\/product"}],"wp:featuredmedia":[{"embeddable":true,"href":"https:\/\/shop-us.officinegullo.com\/fr\/wp-json\/wp\/v2\/media\/1039"}],"wp:attachment":[{"href":"https:\/\/shop-us.officinegullo.com\/fr\/wp-json\/wp\/v2\/media?parent=1283"}],"wp:term":[{"taxonomy":"product_brand","embeddable":true,"href":"https:\/\/shop-us.officinegullo.com\/fr\/wp-json\/wp\/v2\/product_brand?post=1283"},{"taxonomy":"product_cat","embeddable":true,"href":"https:\/\/shop-us.officinegullo.com\/fr\/wp-json\/wp\/v2\/product_cat?post=1283"},{"taxonomy":"product_tag","embeddable":true,"href":"https:\/\/shop-us.officinegullo.com\/fr\/wp-json\/wp\/v2\/product_tag?post=1283"}],"curies":[{"name":"wp","href":"https:\/\/api.w.org\/{rel}","templated":true}]}}