{"id":1308,"date":"2023-11-17T16:08:19","date_gmt":"2023-11-17T15:08:19","guid":{"rendered":"https:\/\/dev-shop.officinegullo.com\/prodotto\/tagliere-rettangolare-in-legno-lamellare-di-frassino-oliato\/"},"modified":"2024-08-20T12:08:22","modified_gmt":"2024-08-20T10:08:22","slug":"planche-a-decouper-rectangulaire-en-frene-lamelle-huilee","status":"publish","type":"product","link":"https:\/\/shop-us.officinegullo.com\/fr\/produit\/planche-a-decouper-rectangulaire-en-frene-lamelle-huilee\/","title":{"rendered":"Planche \u00e0 d\u00e9couper rectangulaire en fr\u00eane lamell\u00e9, huil\u00e9e"},"content":{"rendered":"","protected":false},"excerpt":{"rendered":"","protected":false},"featured_media":969,"template":"","meta":{"_acf_changed":false},"product_brand":[],"product_cat":[38],"product_tag":[],"class_list":{"0":"post-1308","1":"product","2":"type-product","3":"status-publish","4":"has-post-thumbnail","6":"product_cat-kitchenware","8":"first","9":"instock","10":"taxable","11":"shipping-taxable","12":"purchasable","13":"product-type-simple"},"acf":[],"yoast_head":"<!-- This site is optimized with the Yoast SEO plugin v27.4 - https:\/\/yoast.com\/product\/yoast-seo-wordpress\/ -->\n<title>Planche \u00e0 d\u00e9couper rectangulaire en fr\u00eane lamell\u00e9, huil\u00e9e - Shop Officine Gullo US<\/title>\n<meta name=\"description\" content=\"D\u00e9couvrez l&#039;\u00e9quilibre parfait entre esth\u00e9tique et fonctionnalit\u00e9 avec notre planche \u00e0 d\u00e9couper en fr\u00eane lamell\u00e9, trait\u00e9e \u00e0 l&#039;huile.\" \/>\n<meta name=\"robots\" content=\"index, follow, max-snippet:-1, max-image-preview:large, max-video-preview:-1\" \/>\n<link rel=\"canonical\" href=\"https:\/\/shop-us.officinegullo.com\/fr\/produit\/planche-a-decouper-rectangulaire-en-frene-lamelle-huilee\/\" \/>\n<meta property=\"og:locale\" content=\"fr_FR\" \/>\n<meta property=\"og:type\" content=\"article\" \/>\n<meta property=\"og:title\" content=\"Planche \u00e0 d\u00e9couper rectangulaire en fr\u00eane lamell\u00e9, huil\u00e9e - Shop Officine Gullo US\" \/>\n<meta property=\"og:description\" content=\"D\u00e9couvrez l&#039;\u00e9quilibre parfait entre esth\u00e9tique et fonctionnalit\u00e9 avec notre planche \u00e0 d\u00e9couper en fr\u00eane lamell\u00e9, trait\u00e9e \u00e0 l&#039;huile.\" \/>\n<meta property=\"og:url\" content=\"https:\/\/shop-us.officinegullo.com\/fr\/produit\/planche-a-decouper-rectangulaire-en-frene-lamelle-huilee\/\" \/>\n<meta property=\"og:site_name\" content=\"Shop Officine Gullo US\" \/>\n<meta property=\"article:modified_time\" content=\"2024-08-20T10:08:22+00:00\" \/>\n<meta property=\"og:image\" content=\"https:\/\/s3.eu-central-1.amazonaws.com\/shop.officinegullo.com\/wp-content\/uploads\/2023\/11\/Ecom-33-quadrato.jpg\" \/>\n\t<meta property=\"og:image:width\" content=\"1500\" \/>\n\t<meta property=\"og:image:height\" content=\"1500\" \/>\n\t<meta property=\"og:image:type\" content=\"image\/jpeg\" \/>\n<meta name=\"twitter:card\" content=\"summary_large_image\" \/>\n<meta name=\"twitter:label1\" content=\"Dur\u00e9e de lecture estim\u00e9e\" \/>\n\t<meta name=\"twitter:data1\" content=\"1 minute\" \/>\n<script type=\"application\/ld+json\" class=\"yoast-schema-graph\">{\"@context\":\"https:\\\/\\\/schema.org\",\"@graph\":[{\"@type\":\"WebPage\",\"@id\":\"https:\\\/\\\/shop-us.officinegullo.com\\\/fr\\\/produit\\\/planche-a-decouper-rectangulaire-en-frene-lamelle-huilee\\\/\",\"url\":\"https:\\\/\\\/shop-us.officinegullo.com\\\/fr\\\/produit\\\/planche-a-decouper-rectangulaire-en-frene-lamelle-huilee\\\/\",\"name\":\"Planche \u00e0 d\u00e9couper rectangulaire en fr\u00eane lamell\u00e9, huil\u00e9e - Shop Officine Gullo US\",\"isPartOf\":{\"@id\":\"https:\\\/\\\/shop-us.officinegullo.com\\\/fr\\\/#website\"},\"primaryImageOfPage\":{\"@id\":\"https:\\\/\\\/shop-us.officinegullo.com\\\/fr\\\/produit\\\/planche-a-decouper-rectangulaire-en-frene-lamelle-huilee\\\/#primaryimage\"},\"image\":{\"@id\":\"https:\\\/\\\/shop-us.officinegullo.com\\\/fr\\\/produit\\\/planche-a-decouper-rectangulaire-en-frene-lamelle-huilee\\\/#primaryimage\"},\"thumbnailUrl\":\"https:\\\/\\\/s3.eu-central-1.amazonaws.com\\\/shop.officinegullo.com\\\/wp-content\\\/uploads\\\/2023\\\/11\\\/Ecom-33-quadrato.jpg\",\"datePublished\":\"2023-11-17T15:08:19+00:00\",\"dateModified\":\"2024-08-20T10:08:22+00:00\",\"description\":\"D\u00e9couvrez l'\u00e9quilibre parfait entre esth\u00e9tique et fonctionnalit\u00e9 avec notre planche \u00e0 d\u00e9couper en fr\u00eane lamell\u00e9, trait\u00e9e \u00e0 l'huile.\",\"breadcrumb\":{\"@id\":\"https:\\\/\\\/shop-us.officinegullo.com\\\/fr\\\/produit\\\/planche-a-decouper-rectangulaire-en-frene-lamelle-huilee\\\/#breadcrumb\"},\"inLanguage\":\"fr-FR\",\"potentialAction\":[{\"@type\":\"ReadAction\",\"target\":[\"https:\\\/\\\/shop-us.officinegullo.com\\\/fr\\\/produit\\\/planche-a-decouper-rectangulaire-en-frene-lamelle-huilee\\\/\"]}]},{\"@type\":\"ImageObject\",\"inLanguage\":\"fr-FR\",\"@id\":\"https:\\\/\\\/shop-us.officinegullo.com\\\/fr\\\/produit\\\/planche-a-decouper-rectangulaire-en-frene-lamelle-huilee\\\/#primaryimage\",\"url\":\"https:\\\/\\\/s3.eu-central-1.amazonaws.com\\\/shop.officinegullo.com\\\/wp-content\\\/uploads\\\/2023\\\/11\\\/Ecom-33-quadrato.jpg\",\"contentUrl\":\"https:\\\/\\\/s3.eu-central-1.amazonaws.com\\\/shop.officinegullo.com\\\/wp-content\\\/uploads\\\/2023\\\/11\\\/Ecom-33-quadrato.jpg\",\"width\":1500,\"height\":1500},{\"@type\":\"BreadcrumbList\",\"@id\":\"https:\\\/\\\/shop-us.officinegullo.com\\\/fr\\\/produit\\\/planche-a-decouper-rectangulaire-en-frene-lamelle-huilee\\\/#breadcrumb\",\"itemListElement\":[{\"@type\":\"ListItem\",\"position\":1,\"name\":\"Home\",\"item\":\"https:\\\/\\\/shop-us.officinegullo.com\\\/fr\\\/\"},{\"@type\":\"ListItem\",\"position\":2,\"name\":\"Shop\",\"item\":\"https:\\\/\\\/shop-us.officinegullo.com\\\/fr\\\/\"},{\"@type\":\"ListItem\",\"position\":3,\"name\":\"Kitchenware\",\"item\":\"https:\\\/\\\/shop-us.officinegullo.com\\\/fr\\\/produits\\\/kitchenware\\\/\"},{\"@type\":\"ListItem\",\"position\":4,\"name\":\"Planche \u00e0 d\u00e9couper rectangulaire en fr\u00eane lamell\u00e9, huil\u00e9e\"}]},{\"@type\":\"WebSite\",\"@id\":\"https:\\\/\\\/shop-us.officinegullo.com\\\/fr\\\/#website\",\"url\":\"https:\\\/\\\/shop-us.officinegullo.com\\\/fr\\\/\",\"name\":\"Shop Officine Gullo US\",\"description\":\"Un nuovo sito targato WordPress\",\"potentialAction\":[{\"@type\":\"SearchAction\",\"target\":{\"@type\":\"EntryPoint\",\"urlTemplate\":\"https:\\\/\\\/shop-us.officinegullo.com\\\/fr\\\/?s={search_term_string}\"},\"query-input\":{\"@type\":\"PropertyValueSpecification\",\"valueRequired\":true,\"valueName\":\"search_term_string\"}}],\"inLanguage\":\"fr-FR\"}]}<\/script>\n<!-- \/ Yoast SEO plugin. -->","yoast_head_json":{"title":"Planche \u00e0 d\u00e9couper rectangulaire en fr\u00eane lamell\u00e9, huil\u00e9e - Shop Officine Gullo US","description":"D\u00e9couvrez l'\u00e9quilibre parfait entre esth\u00e9tique et fonctionnalit\u00e9 avec notre planche \u00e0 d\u00e9couper en fr\u00eane lamell\u00e9, trait\u00e9e \u00e0 l'huile.","robots":{"index":"index","follow":"follow","max-snippet":"max-snippet:-1","max-image-preview":"max-image-preview:large","max-video-preview":"max-video-preview:-1"},"canonical":"https:\/\/shop-us.officinegullo.com\/fr\/produit\/planche-a-decouper-rectangulaire-en-frene-lamelle-huilee\/","og_locale":"fr_FR","og_type":"article","og_title":"Planche \u00e0 d\u00e9couper rectangulaire en fr\u00eane lamell\u00e9, huil\u00e9e - Shop Officine Gullo US","og_description":"D\u00e9couvrez l'\u00e9quilibre parfait entre esth\u00e9tique et fonctionnalit\u00e9 avec notre planche \u00e0 d\u00e9couper en fr\u00eane lamell\u00e9, trait\u00e9e \u00e0 l'huile.","og_url":"https:\/\/shop-us.officinegullo.com\/fr\/produit\/planche-a-decouper-rectangulaire-en-frene-lamelle-huilee\/","og_site_name":"Shop Officine Gullo US","article_modified_time":"2024-08-20T10:08:22+00:00","og_image":[{"width":1500,"height":1500,"url":"https:\/\/s3.eu-central-1.amazonaws.com\/shop.officinegullo.com\/wp-content\/uploads\/2023\/11\/Ecom-33-quadrato.jpg","type":"image\/jpeg"}],"twitter_card":"summary_large_image","twitter_misc":{"Dur\u00e9e de lecture estim\u00e9e":"1 minute"},"schema":{"@context":"https:\/\/schema.org","@graph":[{"@type":"WebPage","@id":"https:\/\/shop-us.officinegullo.com\/fr\/produit\/planche-a-decouper-rectangulaire-en-frene-lamelle-huilee\/","url":"https:\/\/shop-us.officinegullo.com\/fr\/produit\/planche-a-decouper-rectangulaire-en-frene-lamelle-huilee\/","name":"Planche \u00e0 d\u00e9couper rectangulaire en fr\u00eane lamell\u00e9, huil\u00e9e - Shop Officine Gullo US","isPartOf":{"@id":"https:\/\/shop-us.officinegullo.com\/fr\/#website"},"primaryImageOfPage":{"@id":"https:\/\/shop-us.officinegullo.com\/fr\/produit\/planche-a-decouper-rectangulaire-en-frene-lamelle-huilee\/#primaryimage"},"image":{"@id":"https:\/\/shop-us.officinegullo.com\/fr\/produit\/planche-a-decouper-rectangulaire-en-frene-lamelle-huilee\/#primaryimage"},"thumbnailUrl":"https:\/\/s3.eu-central-1.amazonaws.com\/shop.officinegullo.com\/wp-content\/uploads\/2023\/11\/Ecom-33-quadrato.jpg","datePublished":"2023-11-17T15:08:19+00:00","dateModified":"2024-08-20T10:08:22+00:00","description":"D\u00e9couvrez l'\u00e9quilibre parfait entre esth\u00e9tique et fonctionnalit\u00e9 avec notre planche \u00e0 d\u00e9couper en fr\u00eane lamell\u00e9, trait\u00e9e \u00e0 l'huile.","breadcrumb":{"@id":"https:\/\/shop-us.officinegullo.com\/fr\/produit\/planche-a-decouper-rectangulaire-en-frene-lamelle-huilee\/#breadcrumb"},"inLanguage":"fr-FR","potentialAction":[{"@type":"ReadAction","target":["https:\/\/shop-us.officinegullo.com\/fr\/produit\/planche-a-decouper-rectangulaire-en-frene-lamelle-huilee\/"]}]},{"@type":"ImageObject","inLanguage":"fr-FR","@id":"https:\/\/shop-us.officinegullo.com\/fr\/produit\/planche-a-decouper-rectangulaire-en-frene-lamelle-huilee\/#primaryimage","url":"https:\/\/s3.eu-central-1.amazonaws.com\/shop.officinegullo.com\/wp-content\/uploads\/2023\/11\/Ecom-33-quadrato.jpg","contentUrl":"https:\/\/s3.eu-central-1.amazonaws.com\/shop.officinegullo.com\/wp-content\/uploads\/2023\/11\/Ecom-33-quadrato.jpg","width":1500,"height":1500},{"@type":"BreadcrumbList","@id":"https:\/\/shop-us.officinegullo.com\/fr\/produit\/planche-a-decouper-rectangulaire-en-frene-lamelle-huilee\/#breadcrumb","itemListElement":[{"@type":"ListItem","position":1,"name":"Home","item":"https:\/\/shop-us.officinegullo.com\/fr\/"},{"@type":"ListItem","position":2,"name":"Shop","item":"https:\/\/shop-us.officinegullo.com\/fr\/"},{"@type":"ListItem","position":3,"name":"Kitchenware","item":"https:\/\/shop-us.officinegullo.com\/fr\/produits\/kitchenware\/"},{"@type":"ListItem","position":4,"name":"Planche \u00e0 d\u00e9couper rectangulaire en fr\u00eane lamell\u00e9, huil\u00e9e"}]},{"@type":"WebSite","@id":"https:\/\/shop-us.officinegullo.com\/fr\/#website","url":"https:\/\/shop-us.officinegullo.com\/fr\/","name":"Shop Officine Gullo US","description":"Un nuovo sito targato WordPress","potentialAction":[{"@type":"SearchAction","target":{"@type":"EntryPoint","urlTemplate":"https:\/\/shop-us.officinegullo.com\/fr\/?s={search_term_string}"},"query-input":{"@type":"PropertyValueSpecification","valueRequired":true,"valueName":"search_term_string"}}],"inLanguage":"fr-FR"}]}},"_links":{"self":[{"href":"https:\/\/shop-us.officinegullo.com\/fr\/wp-json\/wp\/v2\/product\/1308","targetHints":{"allow":["GET"]}}],"collection":[{"href":"https:\/\/shop-us.officinegullo.com\/fr\/wp-json\/wp\/v2\/product"}],"about":[{"href":"https:\/\/shop-us.officinegullo.com\/fr\/wp-json\/wp\/v2\/types\/product"}],"wp:featuredmedia":[{"embeddable":true,"href":"https:\/\/shop-us.officinegullo.com\/fr\/wp-json\/wp\/v2\/media\/969"}],"wp:attachment":[{"href":"https:\/\/shop-us.officinegullo.com\/fr\/wp-json\/wp\/v2\/media?parent=1308"}],"wp:term":[{"taxonomy":"product_brand","embeddable":true,"href":"https:\/\/shop-us.officinegullo.com\/fr\/wp-json\/wp\/v2\/product_brand?post=1308"},{"taxonomy":"product_cat","embeddable":true,"href":"https:\/\/shop-us.officinegullo.com\/fr\/wp-json\/wp\/v2\/product_cat?post=1308"},{"taxonomy":"product_tag","embeddable":true,"href":"https:\/\/shop-us.officinegullo.com\/fr\/wp-json\/wp\/v2\/product_tag?post=1308"}],"curies":[{"name":"wp","href":"https:\/\/api.w.org\/{rel}","templated":true}]}}